{"id":956,"date":"2025-03-07T17:22:59","date_gmt":"2025-03-07T16:22:59","guid":{"rendered":"https:\/\/www.ssv-borsfleth.de\/?page_id=956"},"modified":"2025-07-31T11:00:19","modified_gmt":"2025-07-31T09:00:19","slug":"onlinezahlung","status":"publish","type":"page","link":"https:\/\/www.ssv-borsfleth.de\/index.php\/onlinezahlung\/","title":{"rendered":"Onlinezahlung"},"content":{"rendered":"<p><i><u>ACHTUNG<\/u><\/i>: Diese Funktion steht derzeit nur f\u00fcr <strong>TAGESGASTLIEGER<\/strong> zur Verf\u00fcgung, wenn bereits an einem <strong>FREIEN<\/strong> Liegeplatz angelegt wurde und kein Hafenmeister vor Ort ist. Die \u00d6ffnungszeiten des Hafenmeisterb\u00fcros sind jeweils Freitags, Samstags und an Feiertagen 17 &#8211; 19 Uhr sowie Sonntags 10 &#8211; 12 Uhr (auch Oster-\/Pfingstmontag).<\/p>\n<p><strong>Wichtiger Hinweis: Bei Zahlung mit Apple Pay kommt es vor, dass keine Best\u00e4tigung erfolgt, obwohl die Zahlung erfolgreich war &#8211; Bitte nachpr\u00fcfen oder andere Zahlungsart w\u00e4hlen &#8211; Danke!<\/strong><\/p>\n<div style=\"display: flex; justify-content: center;\"><iframe style=\"border: thin solid blue; border-radius: 8px; width: 380px; height: 1080px;\" src=\"https:\/\/kbc24.net\/ssvb-vhm\/pay\/index.html\"><iframe><\/div>\n<p><\/iframe><\/iframe><\/div>\n","protected":false},"excerpt":{"rendered":"<p>ACHTUNG: Diese Funktion steht derzeit nur f\u00fcr TAGESGASTLIEGER zur Verf\u00fcgung, wenn bereits an einem FREIEN Liegeplatz angelegt wurde und kein Hafenmeister vor Ort ist. Die \u00d6ffnungszeiten des Hafenmeisterb\u00fcros sind jeweils Freitags, Samstags und an Feiertagen 17 &#8211; 19 Uhr sowie Sonntags 10 &#8211; 12 Uhr (auch Oster-\/Pfingstmontag). Wichtiger Hinweis: Bei Zahlung mit Apple Pay kommt&#8230;<\/p>\n","protected":false},"author":2,"featured_media":0,"parent":0,"menu_order":0,"comment_status":"closed","ping_status":"closed","template":"nosidebar.php","meta":{"footnotes":""},"_links":{"self":[{"href":"https:\/\/www.ssv-borsfleth.de\/index.php\/wp-json\/wp\/v2\/pages\/956"}],"collection":[{"href":"https:\/\/www.ssv-borsfleth.de\/index.php\/wp-json\/wp\/v2\/pages"}],"about":[{"href":"https:\/\/www.ssv-borsfleth.de\/index.php\/wp-json\/wp\/v2\/types\/page"}],"author":[{"embeddable":true,"href":"https:\/\/www.ssv-borsfleth.de\/index.php\/wp-json\/wp\/v2\/users\/2"}],"replies":[{"embeddable":true,"href":"https:\/\/www.ssv-borsfleth.de\/index.php\/wp-json\/wp\/v2\/comments?post=956"}],"version-history":[{"count":39,"href":"https:\/\/www.ssv-borsfleth.de\/index.php\/wp-json\/wp\/v2\/pages\/956\/revisions"}],"predecessor-version":[{"id":1147,"href":"https:\/\/www.ssv-borsfleth.de\/index.php\/wp-json\/wp\/v2\/pages\/956\/revisions\/1147"}],"wp:attachment":[{"href":"https:\/\/www.ssv-borsfleth.de\/index.php\/wp-json\/wp\/v2\/media?parent=956"}],"curies":[{"name":"wp","href":"https:\/\/api.w.org\/{rel}","templated":true}]}}