{"id":648,"date":"2022-05-12T20:42:14","date_gmt":"2022-05-12T18:42:14","guid":{"rendered":"https:\/\/www.ssv-borsfleth.de\/?page_id=648"},"modified":"2025-04-16T08:52:05","modified_gmt":"2025-04-16T06:52:05","slug":"ssvb-gebuehrenordnung","status":"publish","type":"page","link":"https:\/\/www.ssv-borsfleth.de\/index.php\/ssvb-gebuehrenordnung\/","title":{"rendered":"Geb\u00fchrenordnung"},"content":{"rendered":"\n<p>Ab 2025 gelten <mark style=\"background-color:rgba(0, 0, 0, 0)\" class=\"has-inline-color has-vivid-red-color\">neue Liegeplatzgeb\u00fchren<\/mark> f\u00fcr Tagesgastlieger, <a href=\"https:\/\/www.ssv-borsfleth.de\/wp-content\/uploads\/2025\/04\/SSVB_Gebuehrenordnung_20250408.pdf\" target=\"_blank\" rel=\"noreferrer noopener\">hier die vollst\u00e4ndige Geb\u00fchrenordnung<\/a>.<\/p>\n\n\n\n<figure class=\"wp-block-image size-large\"><img decoding=\"async\" loading=\"lazy\" width=\"700\" height=\"184\" src=\"https:\/\/www.ssv-borsfleth.de\/wp-content\/uploads\/2025\/04\/image-1-700x184.png\" alt=\"\" class=\"wp-image-1096\" srcset=\"https:\/\/www.ssv-borsfleth.de\/wp-content\/uploads\/2025\/04\/image-1-700x184.png 700w, https:\/\/www.ssv-borsfleth.de\/wp-content\/uploads\/2025\/04\/image-1-300x79.png 300w, https:\/\/www.ssv-borsfleth.de\/wp-content\/uploads\/2025\/04\/image-1.png 762w\" sizes=\"(max-width: 700px) 100vw, 700px\" \/><\/figure>\n\n\n\n<div class=\"wp-block-group is-layout-constrained wp-block-group-is-layout-constrained\"><div class=\"wp-block-group__inner-container\">\n<hr class=\"wp-block-separator has-alpha-channel-opacity\"\/>\n<\/div><\/div>\n\n\n\n<p><strong style=\"font-size:1.5em;\">Leistungs- und Zahlungsbedingungen<\/strong><\/p>\n\n\n\n<figure class=\"wp-block-image size-full is-resized\"><img decoding=\"async\" loading=\"lazy\" width=\"572\" height=\"863\" src=\"https:\/\/www.ssv-borsfleth.de\/wp-content\/uploads\/2025\/04\/SSVB_terms.png\" alt=\"\" class=\"wp-image-1079\" style=\"width:600px\" srcset=\"https:\/\/www.ssv-borsfleth.de\/wp-content\/uploads\/2025\/04\/SSVB_terms.png 572w, https:\/\/www.ssv-borsfleth.de\/wp-content\/uploads\/2025\/04\/SSVB_terms-199x300.png 199w\" sizes=\"(max-width: 572px) 100vw, 572px\" \/><\/figure>\n","protected":false},"excerpt":{"rendered":"<p>Ab 2025 gelten neue Liegeplatzgeb\u00fchren f\u00fcr Tagesgastlieger, hier die vollst\u00e4ndige Geb\u00fchrenordnung. Leistungs- und Zahlungsbedingungen<\/p>\n","protected":false},"author":2,"featured_media":0,"parent":0,"menu_order":0,"comment_status":"closed","ping_status":"closed","template":"","meta":{"footnotes":""},"_links":{"self":[{"href":"https:\/\/www.ssv-borsfleth.de\/index.php\/wp-json\/wp\/v2\/pages\/648"}],"collection":[{"href":"https:\/\/www.ssv-borsfleth.de\/index.php\/wp-json\/wp\/v2\/pages"}],"about":[{"href":"https:\/\/www.ssv-borsfleth.de\/index.php\/wp-json\/wp\/v2\/types\/page"}],"author":[{"embeddable":true,"href":"https:\/\/www.ssv-borsfleth.de\/index.php\/wp-json\/wp\/v2\/users\/2"}],"replies":[{"embeddable":true,"href":"https:\/\/www.ssv-borsfleth.de\/index.php\/wp-json\/wp\/v2\/comments?post=648"}],"version-history":[{"count":32,"href":"https:\/\/www.ssv-borsfleth.de\/index.php\/wp-json\/wp\/v2\/pages\/648\/revisions"}],"predecessor-version":[{"id":1103,"href":"https:\/\/www.ssv-borsfleth.de\/index.php\/wp-json\/wp\/v2\/pages\/648\/revisions\/1103"}],"wp:attachment":[{"href":"https:\/\/www.ssv-borsfleth.de\/index.php\/wp-json\/wp\/v2\/media?parent=648"}],"curies":[{"name":"wp","href":"https:\/\/api.w.org\/{rel}","templated":true}]}}