{"id":6,"date":"2016-09-11T22:16:52","date_gmt":"2016-09-11T20:16:52","guid":{"rendered":"https:\/\/www.ssv-borsfleth.de\/wordpress\/?page_id=6"},"modified":"2023-08-08T18:32:23","modified_gmt":"2023-08-08T16:32:23","slug":"ansteuerung","status":"publish","type":"page","link":"https:\/\/www.ssv-borsfleth.de\/index.php\/ansteuerung\/","title":{"rendered":"Ansteuerung"},"content":{"rendered":"<p class=\"Body\"><img decoding=\"async\" loading=\"lazy\" class=\"alignright wp-image-20 size-full\" src=\"https:\/\/www.ssv-borsfleth.de\/wp-content\/uploads\/2016\/09\/shapeimage_2-2.png\" alt=\"shapeimage_2-2\" width=\"216\" height=\"136\" \/>Von der Elbe kommend ist die St\u00f6r betonnt. Folgt man ab Tonne St 1 dem Fahrwasser, was ratsam ist, denn ausserhalb des Fahrwassers kann es sehr flach werden, kommt man zum nicht \u00fcbersehbaren St\u00f6r-Sperrwerk (<span class=\"style_1\">53 49&#8217;33&#8220;N 9 24&#8217;04&#8220;E<\/span>). Das Sperrwerk \u00f6ffnet nach Bedarf und meist gibt es keine lange Wartezeit, so dass auch selten die \u00d6ffnung akustisch angefordert werden m\u00fcsste (Telefonnummer Sperrwerk 04124\/97026).<\/p>\n<figure id=\"attachment_22\" aria-describedby=\"caption-attachment-22\" style=\"width: 218px\" class=\"wp-caption alignright\"><img decoding=\"async\" loading=\"lazy\" class=\"wp-image-22 size-full\" src=\"https:\/\/www.ssv-borsfleth.de\/wp-content\/uploads\/2016\/09\/Sperrwerk2.jpg\" alt=\"St\u00f6r Sperrwerk\" width=\"218\" height=\"133\" \/><figcaption id=\"caption-attachment-22\" class=\"wp-caption-text\">St\u00f6r Sperrwerk<\/figcaption><\/figure>\n<p class=\"Body\">Gleich hinter dem Sperrwerk (ca. 150m) zweigt das Fahrwasser in den Hafen von der St\u00f6r ab. Es ist durch Pricken gekennzeichnet.<\/p>\n<p class=\"Body\">Frei Liegepl\u00e4tze sind mit gr\u00fcnen Schildern gekennzeichnet und zus\u00e4tzlich steht der G\u00e4steschlengel zur Verf\u00fcgung (s.\u00a0<a title=\"Liegeplatze.html\" href=\"https:\/\/www.ssv-borsfleth.de\/SSV-Borsfleth\/Liegeplatze.html\">Liegepl\u00e4tze<\/a>).<\/p>\n<p class=\"Body\">Ansteuerung bei Nacht: nachts zeigt ein Richtfeuer den Weg in die St\u00f6r. Die St\u00f6r-Fahrwassertonnen sind nicht beleuchtet. Nachts sollte man daher besser Taschenlampe oder Scheinwerfer bereit halten.<\/p>\n<p class=\"paragraph_style\">Wir bitten die Zufahrtstiefen unseres Hafens \u00fcber unseren Hafenmeister Wolfgang Ficht unter dem Hafenmeister-Telefon <strong>0157\/32563066<\/strong> zu erfragen<\/p>\n<figure id=\"attachment_19\" aria-describedby=\"caption-attachment-19\" style=\"width: 224px\" class=\"wp-caption alignright\"><img decoding=\"async\" loading=\"lazy\" class=\"wp-image-19 size-full\" src=\"https:\/\/www.ssv-borsfleth.de\/wp-content\/uploads\/2016\/09\/Pricken.Hafeneinfahrt.jpg\" alt=\"Pricken in der Hafeneinfahrt in den Sportboothafen SSVB Borsfleth\" width=\"224\" height=\"130\" \/><figcaption id=\"caption-attachment-19\" class=\"wp-caption-text\">Pricken in der Hafeneinfahrt in den Sportboothafen SSVB Borsfleth<\/figcaption><\/figure>\n<p class=\"paragraph_style\">F\u00fcr weitere tagesaktuelle Informationen und bei Fragen wenden Sie sich ebenfalls gern an unseren Hafenmeister.<\/p>\n","protected":false},"excerpt":{"rendered":"<p>Von der Elbe kommend ist die St\u00f6r betonnt. Folgt man ab Tonne St 1 dem Fahrwasser, was ratsam ist, denn ausserhalb des Fahrwassers kann es sehr flach werden, kommt man zum nicht \u00fcbersehbaren St\u00f6r-Sperrwerk (53 49&#8217;33&#8220;N 9 24&#8217;04&#8220;E). Das Sperrwerk \u00f6ffnet nach Bedarf und meist gibt es keine lange Wartezeit, so dass auch selten die&#8230;<\/p>\n","protected":false},"author":1,"featured_media":0,"parent":0,"menu_order":0,"comment_status":"closed","ping_status":"closed","template":"","meta":{"footnotes":""},"_links":{"self":[{"href":"https:\/\/www.ssv-borsfleth.de\/index.php\/wp-json\/wp\/v2\/pages\/6"}],"collection":[{"href":"https:\/\/www.ssv-borsfleth.de\/index.php\/wp-json\/wp\/v2\/pages"}],"about":[{"href":"https:\/\/www.ssv-borsfleth.de\/index.php\/wp-json\/wp\/v2\/types\/page"}],"author":[{"embeddable":true,"href":"https:\/\/www.ssv-borsfleth.de\/index.php\/wp-json\/wp\/v2\/users\/1"}],"replies":[{"embeddable":true,"href":"https:\/\/www.ssv-borsfleth.de\/index.php\/wp-json\/wp\/v2\/comments?post=6"}],"version-history":[{"count":8,"href":"https:\/\/www.ssv-borsfleth.de\/index.php\/wp-json\/wp\/v2\/pages\/6\/revisions"}],"predecessor-version":[{"id":814,"href":"https:\/\/www.ssv-borsfleth.de\/index.php\/wp-json\/wp\/v2\/pages\/6\/revisions\/814"}],"wp:attachment":[{"href":"https:\/\/www.ssv-borsfleth.de\/index.php\/wp-json\/wp\/v2\/media?parent=6"}],"curies":[{"name":"wp","href":"https:\/\/api.w.org\/{rel}","templated":true}]}}