{"id":59,"date":"2016-09-12T19:54:19","date_gmt":"2016-09-12T17:54:19","guid":{"rendered":"https:\/\/www.ssv-borsfleth.de\/wordpress\/?page_id=59"},"modified":"2025-05-05T21:17:22","modified_gmt":"2025-05-05T19:17:22","slug":"impressum","status":"publish","type":"page","link":"https:\/\/www.ssv-borsfleth.de\/index.php\/impressum\/","title":{"rendered":"Impressum"},"content":{"rendered":"<h4 class=\"paragraph_style\"><em><strong>Bitte Anfragen an den Verein immer \u00fcber <a href=\"https:\/\/www.ssv-borsfleth.de\/index.php\/kontakt\/\">diese Kontaktdaten (hier klicken)!<\/a><\/strong><\/em><\/h4>\n<hr \/>\n<p class=\"paragraph_style\"><span class=\"style_1\">Betreiber dieser Internet-Pr\u00e4sentation:\u00a0<\/span><\/p>\n<p>Sportschipper Verein Borsfleth e.V.<br \/>\nB\u00fcttel 40a<br \/>\nD-25376 Borsfleth<\/p>\n<p><a href=\"https:\/\/www.ssv-borsfleth.de\">www.ssv-borsfleth.de<\/a><\/p>\n<p>1. Vorsitzender: Ludger Walterbusch<\/p>\n<p><span class=\"style_1\">Verantwortlich f\u00fcr den Inhalt dieser Internet-Pr\u00e4sentation:\u00a0<\/span><br \/>\nKlaus Br\u00fcggemann, Email an: kbc24.net(at)gmail.com<\/p>\n<p class=\"paragraph_style_1\"><strong><span class=\"style_1\">Hinweise zu den Bildern und Grafiken<\/span><\/strong><\/p>\n<p>Das Urheberrecht f\u00fcr die auf dieser Homepage verwendeten Bilder liegt gr\u00f6\u00dftenteils bei Karlo Hardtmann. Vielen Dank f\u00fcr das Bereitstellen der Bilder. Details zu einzelnen Bildern auf Anfrage. Jegliche Verwendung ohne Zustimmung ist untersagt.<\/p>\n<p><strong><span class=\"style_1\">Rechtliche Hinweise\u00a0<\/span><\/strong><\/p>\n<p><span class=\"style_1\">Nutzungsbedingungen<\/span><br \/>\nPersonen, die auf unseren Webseiten ver\u00f6ffentlichte Informationen abrufen, erkl\u00e4ren sich mit den nachstehenden Bedingungen einverstanden:<\/p>\n<p><span class=\"style_1\">Haftungsausschluss<\/span><br \/>\nDie vorliegenden Informationen werden unter gr\u00f6\u00dfter Sorgfalt zusammengestellt. Trotzdem \u00fcbernimmt der Verantwortliche dieser Seiten (siehe oben) nicht die Verantwortung f\u00fcr eventuell falsch wiedergegebene oder unvollst\u00e4ndige Informationen (einschlie\u00dflich Haftung gegen\u00fcber Dritten).<\/p>\n<p>Der Inhalt der Webseiten kann jederzeit und ohne vorherige Ank\u00fcndigungen ge\u00e4ndert werden. Der gesamte Inhalt dieser Website ist urheberrechtlich gesch\u00fctzt. Alle Rechte sind vorbehalten.<\/p>\n<p><span class=\"style_1\">Link-Distanzierung<\/span><br \/>\nF\u00fcr die Inhalte der Webseiten Dritter, welche mittels Hyperlink aufgerufen werden k\u00f6nnen, \u00fcbernehmen wir keine Verantwortung.<\/p>\n<p>Falls Ihnen Seiten mit rechtlich bedenklichem Inhalt auffallen, bitten wir Sie dies zu melden, damit wir diese ausschlie\u00dfen k\u00f6nnen.<\/p>\n<p><span class=\"style_1\">Pers\u00f6nliche Daten<\/span><br \/>\nNutzer, die mit uns Kontakt aufnehmen, sind damit einverstanden, dass ihre pers\u00f6nlichen Daten bei uns elektronisch gespeichert werden. Diese Daten werden selbstverst\u00e4ndlich nicht an Dritte weitergegeben.<\/p>\n<p><span class=\"style_1\">Gesch\u00fctzte Namen und Warenzeichen<\/span><br \/>\nAuf unseren Seiten werden gesch\u00fctzte Namen und Warenzeichen in der Regel nicht als solche gekennzeichnet. Sie sollten aber dennoch als solche angesehen und behandelt werden!<\/p>\n<p>Auf dieser Webseite ist das Wetter Widget der Windfinder.com GmbH &amp; Co.KG eingebunden. Zur Darstellung der Wetterdaten wird Ihre IP-Adresse an Windfinder.com GmbH &amp; Co.KG \u00fcbertragen. Weitere personenbezogene Daten werden nicht \u00fcbermittelt. Ihre IP-Adresse wird von Windfinder.com GmbH &amp; Co.KG aus technischen Gr\u00fcnden protokolliert und nach 7 Tagen gel\u00f6scht.<\/p>\n","protected":false},"excerpt":{"rendered":"<p>Bitte Anfragen an den Verein immer \u00fcber diese Kontaktdaten (hier klicken)! Betreiber dieser Internet-Pr\u00e4sentation:\u00a0 Sportschipper Verein Borsfleth e.V. B\u00fcttel 40a D-25376 Borsfleth www.ssv-borsfleth.de 1. Vorsitzender: Ludger Walterbusch Verantwortlich f\u00fcr den Inhalt dieser Internet-Pr\u00e4sentation:\u00a0 Klaus Br\u00fcggemann, Email an: kbc24.net(at)gmail.com Hinweise zu den Bildern und Grafiken Das Urheberrecht f\u00fcr die auf dieser Homepage verwendeten Bilder liegt gr\u00f6\u00dftenteils&#8230;<\/p>\n","protected":false},"author":1,"featured_media":0,"parent":0,"menu_order":0,"comment_status":"closed","ping_status":"closed","template":"","meta":{"footnotes":""},"_links":{"self":[{"href":"https:\/\/www.ssv-borsfleth.de\/index.php\/wp-json\/wp\/v2\/pages\/59"}],"collection":[{"href":"https:\/\/www.ssv-borsfleth.de\/index.php\/wp-json\/wp\/v2\/pages"}],"about":[{"href":"https:\/\/www.ssv-borsfleth.de\/index.php\/wp-json\/wp\/v2\/types\/page"}],"author":[{"embeddable":true,"href":"https:\/\/www.ssv-borsfleth.de\/index.php\/wp-json\/wp\/v2\/users\/1"}],"replies":[{"embeddable":true,"href":"https:\/\/www.ssv-borsfleth.de\/index.php\/wp-json\/wp\/v2\/comments?post=59"}],"version-history":[{"count":10,"href":"https:\/\/www.ssv-borsfleth.de\/index.php\/wp-json\/wp\/v2\/pages\/59\/revisions"}],"predecessor-version":[{"id":1134,"href":"https:\/\/www.ssv-borsfleth.de\/index.php\/wp-json\/wp\/v2\/pages\/59\/revisions\/1134"}],"wp:attachment":[{"href":"https:\/\/www.ssv-borsfleth.de\/index.php\/wp-json\/wp\/v2\/media?parent=59"}],"curies":[{"name":"wp","href":"https:\/\/api.w.org\/{rel}","templated":true}]}}