{"id":53,"date":"2016-09-12T19:52:34","date_gmt":"2016-09-12T17:52:34","guid":{"rendered":"https:\/\/www.ssv-borsfleth.de\/wordpress\/?page_id=53"},"modified":"2026-03-29T14:17:36","modified_gmt":"2026-03-29T12:17:36","slug":"kontakt","status":"publish","type":"page","link":"https:\/\/www.ssv-borsfleth.de\/index.php\/kontakt\/","title":{"rendered":"Kontakt"},"content":{"rendered":"<p>So erreichen Sie uns:<\/p>\n<h3><strong>Hafenmeister: 01 57 \/ 32 56 30 66<\/strong><\/h3>\n<h3>Mail: <strong>ssvborsfleth@gmx.de<\/strong><\/h3>\n<p><strong>Hafenmeisterei<\/strong><br \/>Ab dieser Saison betreut ein Team aus Mitgliedern unsere G\u00e4ste.<\/p>\n<p>Das Hafenmeister-B\u00fcro ist regelm\u00e4\u00dfig zu folgenden Zeiten besetzt:<\/p>\n<h4><strong>Freitags <\/strong>und<strong> Samstags 17 &#8211; 19 <\/strong>Uhr, <strong>Sonntags 10 &#8211; 12 <\/strong>Uhr<\/h4>\n<p>Abweichend davon an den Feiertagen <strong>2026<\/strong>:<\/p>\n<p style=\"padding-left: 40px;\"><strong>Ostersonntag<\/strong> <strong>17 &#8211; 19<\/strong> Uhr, <strong>Ostermontag 10 &#8211; 12<\/strong> Uhr<\/p>\n<p style=\"padding-left: 40px;\"><strong>Himmelfahrt <\/strong>(Do, 14.05.)<strong> 17 &#8211; 19<\/strong> Uhr<\/p>\n<p style=\"padding-left: 40px;\"><strong>Pfingstsonntag 17 &#8211; 19<\/strong> Uhr, <strong>Pfingstmontag 10 &#8211; 12<\/strong> Uhr<\/p>\n\n\n<figure class=\"wp-block-image size-large\"><img decoding=\"async\" loading=\"lazy\" width=\"700\" height=\"525\" src=\"https:\/\/www.ssv-borsfleth.de\/wp-content\/uploads\/2016\/09\/Hafenmeister-700x525.jpg\" alt=\"\" class=\"wp-image-70\" srcset=\"https:\/\/www.ssv-borsfleth.de\/wp-content\/uploads\/2016\/09\/Hafenmeister-700x525.jpg 700w, https:\/\/www.ssv-borsfleth.de\/wp-content\/uploads\/2016\/09\/Hafenmeister-300x225.jpg 300w, https:\/\/www.ssv-borsfleth.de\/wp-content\/uploads\/2016\/09\/Hafenmeister-768x576.jpg 768w, https:\/\/www.ssv-borsfleth.de\/wp-content\/uploads\/2016\/09\/Hafenmeister.jpg 800w, https:\/\/www.ssv-borsfleth.de\/wp-content\/uploads\/2016\/09\/Hafenmeister-80x60.jpg 80w\" sizes=\"(max-width: 700px) 100vw, 700px\" \/><figcaption class=\"wp-element-caption\">Hafenmeister-H\u00e4uschen vom SSVB Borsfleth<\/figcaption><\/figure>\n\n\n\n<p>SSV Borsfleth, 1. Vorsitzender Ludger Walterbusch, B\u00fcttel 40a, 25376 Borsfleth<\/p>\n","protected":false},"excerpt":{"rendered":"<p>So erreichen Sie uns: Hafenmeister: 01 57 \/ 32 56 30 66 Mail: ssvborsfleth@gmx.de HafenmeistereiAb dieser Saison betreut ein Team aus Mitgliedern unsere G\u00e4ste. Das Hafenmeister-B\u00fcro ist regelm\u00e4\u00dfig zu folgenden Zeiten besetzt: Freitags und Samstags 17 &#8211; 19 Uhr, Sonntags 10 &#8211; 12 Uhr Abweichend davon an den Feiertagen 2026: Ostersonntag 17 &#8211; 19 Uhr,&#8230;<\/p>\n","protected":false},"author":1,"featured_media":0,"parent":0,"menu_order":0,"comment_status":"closed","ping_status":"closed","template":"","meta":{"footnotes":""},"_links":{"self":[{"href":"https:\/\/www.ssv-borsfleth.de\/index.php\/wp-json\/wp\/v2\/pages\/53"}],"collection":[{"href":"https:\/\/www.ssv-borsfleth.de\/index.php\/wp-json\/wp\/v2\/pages"}],"about":[{"href":"https:\/\/www.ssv-borsfleth.de\/index.php\/wp-json\/wp\/v2\/types\/page"}],"author":[{"embeddable":true,"href":"https:\/\/www.ssv-borsfleth.de\/index.php\/wp-json\/wp\/v2\/users\/1"}],"replies":[{"embeddable":true,"href":"https:\/\/www.ssv-borsfleth.de\/index.php\/wp-json\/wp\/v2\/comments?post=53"}],"version-history":[{"count":20,"href":"https:\/\/www.ssv-borsfleth.de\/index.php\/wp-json\/wp\/v2\/pages\/53\/revisions"}],"predecessor-version":[{"id":1190,"href":"https:\/\/www.ssv-borsfleth.de\/index.php\/wp-json\/wp\/v2\/pages\/53\/revisions\/1190"}],"wp:attachment":[{"href":"https:\/\/www.ssv-borsfleth.de\/index.php\/wp-json\/wp\/v2\/media?parent=53"}],"curies":[{"name":"wp","href":"https:\/\/api.w.org\/{rel}","templated":true}]}}