{"id":38,"date":"2016-09-12T19:49:41","date_gmt":"2016-09-12T17:49:41","guid":{"rendered":"https:\/\/www.ssv-borsfleth.de\/wordpress\/?page_id=38"},"modified":"2025-02-14T10:55:54","modified_gmt":"2025-02-14T09:55:54","slug":"umgebung","status":"publish","type":"page","link":"https:\/\/www.ssv-borsfleth.de\/index.php\/umgebung\/","title":{"rendered":"Umgebung"},"content":{"rendered":"\n<p><strong>Aktivit\u00e4ten:<\/strong><\/p>\n\n\n<div class=\"wp-block-image\">\n<figure class=\"alignright is-resized\"><img decoding=\"async\" loading=\"lazy\" width=\"116\" height=\"87\" src=\"https:\/\/www.ssv-borsfleth.de\/wp-content\/uploads\/2016\/09\/CIMG1670.jpg\" alt=\"cimg1670\" class=\"wp-image-41\" style=\"width:192px;height:144px\" srcset=\"https:\/\/www.ssv-borsfleth.de\/wp-content\/uploads\/2016\/09\/CIMG1670.jpg 116w, https:\/\/www.ssv-borsfleth.de\/wp-content\/uploads\/2016\/09\/CIMG1670-80x60.jpg 80w\" sizes=\"(max-width: 116px) 100vw, 116px\" \/><\/figure><\/div>\n\n\n<p>Die Umgebung von Borsfleth l\u00e4dt sehr zur Erkundung zu Fu\u00df, mit Fahrrad oder auf Inlinern ein. Gut ausgebaute Fahrradwege erm\u00f6glichen Ausfl\u00fcge nach Borsfleth, entlang der Elbe nach Brokdorf oder ins nahe gelegene Gl\u00fcckstadt.<\/p>\n\n\n\n<p>Brokdorf und Gl\u00fcckstadt bieten jeweils ein beheiztes Freibad.<\/p>\n\n\n\n<p><strong>Restaurants und Sehenswertes:<\/strong><\/p>\n\n\n\n<p>Im nahegelegenen Ort Borsfleth gibt es die Gastst\u00e4tte \u201eZum Aukrug\u201c. <strong><mark style=\"background-color:rgba(0, 0, 0, 0)\" class=\"has-inline-color has-black-color\">Voraussichtlich ab Mitte 2025 wird diese unter neuer Leitung wieder er\u00f6ffnet!<\/mark><\/strong><\/p>\n\n\n<div class=\"wp-block-image\">\n<figure class=\"alignright\"><img decoding=\"async\" loading=\"lazy\" width=\"170\" height=\"115\" src=\"https:\/\/www.ssv-borsfleth.de\/wp-content\/uploads\/2016\/09\/DSC_0228.jpg\" alt=\"dsc_0228\" class=\"wp-image-40\"\/><\/figure><\/div>\n\n\n<p>Wer mit dem Fahrrad unterwegs ist oder die Busanbindung direkt am Hafen nutzt, findet in 5km Entfernung im Stadtkern von Gl\u00fcckstadt eine Vielzahl von Restaurants und Einkaufsm\u00f6glichkeiten.<\/p>\n\n\n<div class=\"wp-block-image\">\n<figure class=\"alignleft\"><img decoding=\"async\" loading=\"lazy\" width=\"135\" height=\"102\" src=\"https:\/\/www.ssv-borsfleth.de\/wp-content\/uploads\/2016\/09\/229c8004433e9d5ffff8204ffffffef.jpg\" alt=\"229c8004433e9d5ffff8204ffffffef\" class=\"wp-image-42\" srcset=\"https:\/\/www.ssv-borsfleth.de\/wp-content\/uploads\/2016\/09\/229c8004433e9d5ffff8204ffffffef.jpg 135w, https:\/\/www.ssv-borsfleth.de\/wp-content\/uploads\/2016\/09\/229c8004433e9d5ffff8204ffffffef-80x60.jpg 80w\" sizes=\"(max-width: 135px) 100vw, 135px\" \/><\/figure><\/div>\n\n\n<p>F\u00fcr Selbstversorger sind auch die diversen Hofl\u00e4den zu empfehlen, die immer frisches Gem\u00fcse anbieten (z.B. 100 m s\u00fcdlich).<\/p>\n","protected":false},"excerpt":{"rendered":"<p>Aktivit\u00e4ten: Die Umgebung von Borsfleth l\u00e4dt sehr zur Erkundung zu Fu\u00df, mit Fahrrad oder auf Inlinern ein. Gut ausgebaute Fahrradwege erm\u00f6glichen Ausfl\u00fcge nach Borsfleth, entlang der Elbe nach Brokdorf oder ins nahe gelegene Gl\u00fcckstadt. Brokdorf und Gl\u00fcckstadt bieten jeweils ein beheiztes Freibad. Restaurants und Sehenswertes: Im nahegelegenen Ort Borsfleth gibt es die Gastst\u00e4tte \u201eZum Aukrug\u201c&#8230;.<\/p>\n","protected":false},"author":1,"featured_media":0,"parent":0,"menu_order":0,"comment_status":"closed","ping_status":"closed","template":"","meta":{"footnotes":""},"_links":{"self":[{"href":"https:\/\/www.ssv-borsfleth.de\/index.php\/wp-json\/wp\/v2\/pages\/38"}],"collection":[{"href":"https:\/\/www.ssv-borsfleth.de\/index.php\/wp-json\/wp\/v2\/pages"}],"about":[{"href":"https:\/\/www.ssv-borsfleth.de\/index.php\/wp-json\/wp\/v2\/types\/page"}],"author":[{"embeddable":true,"href":"https:\/\/www.ssv-borsfleth.de\/index.php\/wp-json\/wp\/v2\/users\/1"}],"replies":[{"embeddable":true,"href":"https:\/\/www.ssv-borsfleth.de\/index.php\/wp-json\/wp\/v2\/comments?post=38"}],"version-history":[{"count":11,"href":"https:\/\/www.ssv-borsfleth.de\/index.php\/wp-json\/wp\/v2\/pages\/38\/revisions"}],"predecessor-version":[{"id":954,"href":"https:\/\/www.ssv-borsfleth.de\/index.php\/wp-json\/wp\/v2\/pages\/38\/revisions\/954"}],"wp:attachment":[{"href":"https:\/\/www.ssv-borsfleth.de\/index.php\/wp-json\/wp\/v2\/media?parent=38"}],"curies":[{"name":"wp","href":"https:\/\/api.w.org\/{rel}","templated":true}]}}