{"id":26,"date":"2016-09-12T19:26:04","date_gmt":"2016-09-12T17:26:04","guid":{"rendered":"https:\/\/www.ssv-borsfleth.de\/wordpress\/?page_id=26"},"modified":"2024-08-13T22:39:31","modified_gmt":"2024-08-13T20:39:31","slug":"ausstattung","status":"publish","type":"page","link":"https:\/\/www.ssv-borsfleth.de\/index.php\/ausstattung\/","title":{"rendered":"Ausstattung"},"content":{"rendered":"<div class=\"wp-block-image wp-image-30 size-full\">\n<figure class=\"alignright\"><img decoding=\"async\" loading=\"lazy\" width=\"247\" height=\"186\" src=\"https:\/\/www.ssv-borsfleth.de\/wp-content\/uploads\/2016\/09\/Wiese..jpg\" alt=\"Weg zum Hafen SSVB\" class=\"wp-image-30\" srcset=\"https:\/\/www.ssv-borsfleth.de\/wp-content\/uploads\/2016\/09\/Wiese..jpg 247w, https:\/\/www.ssv-borsfleth.de\/wp-content\/uploads\/2016\/09\/Wiese.-80x60.jpg 80w\" sizes=\"(max-width: 247px) 100vw, 247px\" \/><figcaption class=\"wp-element-caption\">Weg zum Hafen SSVB<\/figcaption><\/figure><\/div>\n\n\n<p><strong>Grillplatz \/ Spielplatz:<\/strong><\/p>\n\n\n\n<p>Gleich hinter dem Hafenh\u00e4uschen steht ein gem\u00fctlicher Grill- und Spielplatz zur Verf\u00fcgung. Es sind Spielger\u00e4te sowie Tische und B\u00e4nke vorhanden und erm\u00f6glichen ein geselliges Beisammensein mitten in der idyllischen Hafenumgebung.<\/p>\n\n\n\n<p><strong>Br\u00f6tchenservice:<\/strong><\/p>\n\n\n\n<p>Leider k\u00f6nnen wir derzeit KEINEN Br\u00f6tchenservice anbieten. <\/p>\n\n\n<div class=\"wp-block-image wp-image-29 size-full\">\n<figure class=\"alignright is-resized\"><img decoding=\"async\" loading=\"lazy\" width=\"197\" height=\"165\" src=\"https:\/\/www.ssv-borsfleth.de\/wp-content\/uploads\/2016\/09\/Fahrraeder.jpg\" alt=\"Fahrradschuppen  am Hafen des SSVB\" class=\"wp-image-29\" style=\"width:235px;height:197px\"\/><figcaption class=\"wp-element-caption\">Fahrradschuppen<\/figcaption><\/figure><\/div>\n\n\n<p><strong>Fahrr\u00e4der:<\/strong><\/p>\n\n\n\n<p>Beim Hafenmeister k\u00f6nnen Fahrr\u00e4der ausgeliehen werden.<\/p>\n\n\n\n<p><strong>Wasser \/ Strom:<\/strong><\/p>\n\n\n\n<p>An den Liegepl\u00e4tzen ist Wasser sowie Strom vorhanden.<\/p>\n\n\n\n<p><strong>Sp\u00fclk\u00fcche:<\/strong><\/p>\n\n\n<div class=\"wp-block-image\">\n<figure class=\"alignright size-large is-resized\"><img decoding=\"async\" loading=\"lazy\" width=\"700\" height=\"525\" src=\"https:\/\/www.ssv-borsfleth.de\/wp-content\/uploads\/2023\/07\/IMG_20220913_160652-700x525.jpg\" alt=\"\" class=\"wp-image-801\" style=\"width:260px;height:196px\" srcset=\"https:\/\/www.ssv-borsfleth.de\/wp-content\/uploads\/2023\/07\/IMG_20220913_160652-700x525.jpg 700w, https:\/\/www.ssv-borsfleth.de\/wp-content\/uploads\/2023\/07\/IMG_20220913_160652-300x225.jpg 300w, https:\/\/www.ssv-borsfleth.de\/wp-content\/uploads\/2023\/07\/IMG_20220913_160652-768x576.jpg 768w, https:\/\/www.ssv-borsfleth.de\/wp-content\/uploads\/2023\/07\/IMG_20220913_160652-1536x1152.jpg 1536w, https:\/\/www.ssv-borsfleth.de\/wp-content\/uploads\/2023\/07\/IMG_20220913_160652-2048x1536.jpg 2048w, https:\/\/www.ssv-borsfleth.de\/wp-content\/uploads\/2023\/07\/IMG_20220913_160652-800x600.jpg 800w, https:\/\/www.ssv-borsfleth.de\/wp-content\/uploads\/2023\/07\/IMG_20220913_160652-80x60.jpg 80w\" sizes=\"(max-width: 700px) 100vw, 700px\" \/><figcaption class=\"wp-element-caption\">Sp\u00fclk\u00fcchenzeile<\/figcaption><\/figure><\/div>\n\n\n<p>F\u00fcr die Reinigung von P\u00fctt un Pann haben wir jetzt auch eine Sp\u00fclzeile auf dem Gel\u00e4nde.                                                                    <\/p>\n\n\n\n<p><\/p>\n\n\n\n<p><strong>Sanit\u00e4re Anlagen:<\/strong><\/p>\n\n\n\n<p>Neben Toiletten sind Dusch- und Waschm\u00f6glichkeiten im Duschraum hinterm Deich vorhanden.<\/p>\n\n\n<div class=\"wp-block-image\">\n<figure class=\"alignleft\"><img decoding=\"async\" loading=\"lazy\" width=\"229\" height=\"172\" src=\"https:\/\/www.ssv-borsfleth.de\/wp-content\/uploads\/2016\/09\/Buecher-filtered.jpg\" alt=\"buecher-filtered\" class=\"wp-image-28\" srcset=\"https:\/\/www.ssv-borsfleth.de\/wp-content\/uploads\/2016\/09\/Buecher-filtered.jpg 229w, https:\/\/www.ssv-borsfleth.de\/wp-content\/uploads\/2016\/09\/Buecher-filtered-80x60.jpg 80w\" sizes=\"(max-width: 229px) 100vw, 229px\" \/><figcaption class=\"wp-element-caption\">SSV<strong>B<\/strong>ibliothek \ud83d\ude09<\/figcaption><\/figure><\/div>\n\n\n<p><strong>Bibliothek:<\/strong><\/p>\n\n\n\n<p>Ein Bauwagen mit einer kleinen Auswahl von B\u00fcchern und Zeitschriften zum Schm\u00f6kern aus Ausleihen.<\/p>\n","protected":false},"excerpt":{"rendered":"<p>Grillplatz \/ Spielplatz: Gleich hinter dem Hafenh\u00e4uschen steht ein gem\u00fctlicher Grill- und Spielplatz zur Verf\u00fcgung. Es sind Spielger\u00e4te sowie Tische und B\u00e4nke vorhanden und erm\u00f6glichen ein geselliges Beisammensein mitten in der idyllischen Hafenumgebung. Br\u00f6tchenservice: Leider k\u00f6nnen wir derzeit KEINEN Br\u00f6tchenservice anbieten. Fahrr\u00e4der: Beim Hafenmeister k\u00f6nnen Fahrr\u00e4der ausgeliehen werden. Wasser \/ Strom: An den Liegepl\u00e4tzen ist&#8230;<\/p>\n","protected":false},"author":1,"featured_media":0,"parent":0,"menu_order":0,"comment_status":"closed","ping_status":"closed","template":"","meta":{"footnotes":""},"_links":{"self":[{"href":"https:\/\/www.ssv-borsfleth.de\/index.php\/wp-json\/wp\/v2\/pages\/26"}],"collection":[{"href":"https:\/\/www.ssv-borsfleth.de\/index.php\/wp-json\/wp\/v2\/pages"}],"about":[{"href":"https:\/\/www.ssv-borsfleth.de\/index.php\/wp-json\/wp\/v2\/types\/page"}],"author":[{"embeddable":true,"href":"https:\/\/www.ssv-borsfleth.de\/index.php\/wp-json\/wp\/v2\/users\/1"}],"replies":[{"embeddable":true,"href":"https:\/\/www.ssv-borsfleth.de\/index.php\/wp-json\/wp\/v2\/comments?post=26"}],"version-history":[{"count":11,"href":"https:\/\/www.ssv-borsfleth.de\/index.php\/wp-json\/wp\/v2\/pages\/26\/revisions"}],"predecessor-version":[{"id":882,"href":"https:\/\/www.ssv-borsfleth.de\/index.php\/wp-json\/wp\/v2\/pages\/26\/revisions\/882"}],"wp:attachment":[{"href":"https:\/\/www.ssv-borsfleth.de\/index.php\/wp-json\/wp\/v2\/media?parent=26"}],"curies":[{"name":"wp","href":"https:\/\/api.w.org\/{rel}","templated":true}]}}